{"id":2148,"date":"2024-02-09T09:04:28","date_gmt":"2024-02-09T14:04:28","guid":{"rendered":"https:\/\/osi-bis.ca\/?page_id=2148"},"modified":"2024-02-12T17:44:03","modified_gmt":"2024-02-12T22:44:03","slug":"soutien-a-la-recherche-et-a-la-recuperation-des-enfants-disparus-30-janvier-au-1er-fevrier-2024","status":"publish","type":"page","link":"https:\/\/osi-bis.ca\/fr\/rassemblements\/activites-anterieures\/soutien-a-la-recherche-et-a-la-recuperation-des-enfants-disparus-30-janvier-au-1er-fevrier-2024\/","title":{"rendered":"Soutien \u00e0 la recherche et \u00e0 la r\u00e9cup\u00e9ration des enfants disparus (30 janvier au 1er f\u00e9vrier 2024)"},"content":{"rendered":"<h2><b>31 janvier 2024<\/b><\/h2>\n<p>&nbsp;<\/p>\n<p><b>Panel : Ressources et strat\u00e9gies nationales pour soutenir la recherche et le r\u00e9tablissement des enfants disparus<\/b><\/p>\n<p><span style=\"font-weight: 400;\"><br \/>\n<\/span><span style=\"font-weight: 400;\"><a href=\"https:\/\/osi-bis.ca\/wp-content\/uploads\/2024\/02\/David-Russel_FR-Presentation.pdf\" target=\"_blank\" rel=\"noopener\">David Russell<\/a><\/span><span style=\"font-weight: 400;\">, coordonnateur national, Pensionnats indiens, Services aux Autochtones Canada<\/span><\/p>\n<p><span style=\"font-weight: 400;\"><br \/>\n<\/span><span style=\"font-weight: 400;\"><a href=\"https:\/\/osi-bis.ca\/wp-content\/uploads\/2024\/02\/Patrick-Ballay_FR-Presentation.pdf\" target=\"_blank\" rel=\"noopener\">Patrick Ballay<\/a>,<\/span><span style=\"font-weight: 400;\"> directeur, Programmes et partenariats, Enfants disparus et s\u00e9pultures anonymes, Direction g\u00e9n\u00e9rale des ententes de r\u00e8glement et des revendications relatives aux enfants, <\/span><span style=\"font-weight: 400;\">Relations Couronne-Autochtones et Affaires du Nord<\/span><\/p>\n","protected":false},"excerpt":{"rendered":"<p>31 janvier 2024 &nbsp; Panel : Ressources et strat\u00e9gies nationales pour soutenir la recherche et le r\u00e9tablissement des enfants disparus David Russell, coordonnateur national, Pensionnats [&hellip;]<\/p>\n","protected":false},"author":2,"featured_media":0,"parent":1100,"menu_order":0,"comment_status":"closed","ping_status":"closed","template":"","meta":{"_acf_changed":false,"footnotes":""},"class_list":["post-2148","page","type-page","status-publish","hentry"],"acf":[],"_links":{"self":[{"href":"https:\/\/osi-bis.ca\/fr\/wp-json\/wp\/v2\/pages\/2148","targetHints":{"allow":["GET"]}}],"collection":[{"href":"https:\/\/osi-bis.ca\/fr\/wp-json\/wp\/v2\/pages"}],"about":[{"href":"https:\/\/osi-bis.ca\/fr\/wp-json\/wp\/v2\/types\/page"}],"author":[{"embeddable":true,"href":"https:\/\/osi-bis.ca\/fr\/wp-json\/wp\/v2\/users\/2"}],"replies":[{"embeddable":true,"href":"https:\/\/osi-bis.ca\/fr\/wp-json\/wp\/v2\/comments?post=2148"}],"version-history":[{"count":0,"href":"https:\/\/osi-bis.ca\/fr\/wp-json\/wp\/v2\/pages\/2148\/revisions"}],"up":[{"embeddable":true,"href":"https:\/\/osi-bis.ca\/fr\/wp-json\/wp\/v2\/pages\/1100"}],"wp:attachment":[{"href":"https:\/\/osi-bis.ca\/fr\/wp-json\/wp\/v2\/media?parent=2148"}],"curies":[{"name":"wp","href":"https:\/\/api.w.org\/{rel}","templated":true}]}}