{"id":1578,"date":"2023-04-11T09:55:27","date_gmt":"2023-04-11T13:55:27","guid":{"rendered":"https:\/\/osi-bis.ca\/rassemblements\/activites-anterieures\/upholding-indigenous-laws-march-27-29-2023\/"},"modified":"2023-09-20T11:23:59","modified_gmt":"2023-09-20T15:23:59","slug":"respect-des-lois-autochtones-march-27-29-2023","status":"publish","type":"page","link":"https:\/\/osi-bis.ca\/fr\/rassemblements\/activites-anterieures\/respect-des-lois-autochtones-march-27-29-2023\/","title":{"rendered":"Respect des lois autochtones (March 27-29, 2023)"},"content":{"rendered":"<h2>Mardi 28 mars<\/h2>\n<p><strong>La voix des survivants : Respect les lois autochtones dans la recherche et la r\u00e9cup\u00e9ration des enfants disparus<\/strong><\/p>\n<ul>\n<li><a href=\"https:\/\/osi-bis.ca\/wp-content\/uploads\/2023\/04\/Doug-George-Kanentiio.pdf\" target=\"_blank\" rel=\"noopener\">Doug George-Kanentiio<\/a>, Nation Mohawk d\u2019Akwesasne<\/li>\n<\/ul>\n<p><strong>Panel : Les lois autochtones et les lieux de s\u00e9pulture<\/strong><\/p>\n<ul>\n<li><a href=\"https:\/\/osi-bis.ca\/wp-content\/uploads\/2023\/04\/Unmarked-Burials-and-Anishinaabe-Law-Sara-Mainville-JFK-Law-LLP-March-28-2023.pdf\" target=\"_blank\" rel=\"noopener\">Sara Mainville<\/a>, Premi\u00e8re Nation Couchiching<\/li>\n<\/ul>\n<h2>Mercredi 29 mars<\/h2>\n<p><strong>Respect des lois autochtones et c\u00e9r\u00e9monie<\/strong><\/p>\n<ul>\n<li><a href=\"https:\/\/osi-bis.ca\/wp-content\/uploads\/2023\/04\/Upholding-Indigenous-Laws-and-Ceremony_Elder-Keith-Chiefmoon.pdf\" target=\"_blank\" rel=\"noopener\">Elder Keith Chiefmoon<\/a>, Nation Kainai et Conf\u00e9d\u00e9ration des Blackfoot<\/li>\n<\/ul>\n<p><strong>S\u00e9ances de travail interactives<\/strong><\/p>\n<p><strong><em>S\u00e9ance 1 \u2013 Respect des lois autochtones : Justice et r\u00e9parations pour les enfants disparus<\/em><\/strong><\/p>\n<ul>\n<li><a href=\"https:\/\/osi-bis.ca\/wp-content\/uploads\/2023\/04\/Special-Interlocutor-Wisdom-Workshop.pdf\" target=\"_blank\" rel=\"noopener\">Koren Lightning-Earle<\/a>, directrice juridique du Wahkotowin Law and Governance Lodge, Nation Crie de Samson<\/li>\n<li><a href=\"https:\/\/osi-bis.ca\/wp-content\/uploads\/2023\/04\/Special-Interlocutor-Wisdom-Workshop.pdf\" target=\"_blank\" rel=\"noopener\">Hadley Friedland<\/a>, Professeure agr\u00e9g\u00e9e \u00e0 la facult\u00e9 de droit du Wahkotowin Law and Governance Lodge, Edmonton<\/li>\n<\/ul>\n<p><strong><em>S\u00e9ance 3 \u2013 Les lois traditionnelles Crie dans la r\u00e9cup\u00e9ration des enfants disparus dans la Nation Crie d\u2019Onion Lake<\/em><\/strong><\/p>\n<ul>\n<li><a href=\"https:\/\/osi-bis.ca\/wp-content\/uploads\/2023\/04\/Eleanore-Sunchild-_CREE-PRESENTATION.pdf\" target=\"_blank\" rel=\"noopener\">Eleanore Sunchild<\/a>, CR, Sunchild Law, Premi\u00e8re Nation de Thunderchild<\/li>\n<\/ul>\n","protected":false},"excerpt":{"rendered":"<p>Mardi 28 mars La voix des survivants : Respect les lois autochtones dans la recherche et la r\u00e9cup\u00e9ration des enfants disparus Doug George-Kanentiio, Nation Mohawk [&hellip;]<\/p>\n","protected":false},"author":1,"featured_media":0,"parent":1100,"menu_order":0,"comment_status":"closed","ping_status":"closed","template":"","meta":{"_acf_changed":false,"footnotes":""},"class_list":["post-1578","page","type-page","status-publish","hentry"],"acf":[],"_links":{"self":[{"href":"https:\/\/osi-bis.ca\/fr\/wp-json\/wp\/v2\/pages\/1578","targetHints":{"allow":["GET"]}}],"collection":[{"href":"https:\/\/osi-bis.ca\/fr\/wp-json\/wp\/v2\/pages"}],"about":[{"href":"https:\/\/osi-bis.ca\/fr\/wp-json\/wp\/v2\/types\/page"}],"author":[{"embeddable":true,"href":"https:\/\/osi-bis.ca\/fr\/wp-json\/wp\/v2\/users\/1"}],"replies":[{"embeddable":true,"href":"https:\/\/osi-bis.ca\/fr\/wp-json\/wp\/v2\/comments?post=1578"}],"version-history":[{"count":0,"href":"https:\/\/osi-bis.ca\/fr\/wp-json\/wp\/v2\/pages\/1578\/revisions"}],"up":[{"embeddable":true,"href":"https:\/\/osi-bis.ca\/fr\/wp-json\/wp\/v2\/pages\/1100"}],"wp:attachment":[{"href":"https:\/\/osi-bis.ca\/fr\/wp-json\/wp\/v2\/media?parent=1578"}],"curies":[{"name":"wp","href":"https:\/\/api.w.org\/{rel}","templated":true}]}}